{"id":1095,"date":"2024-12-05T09:51:18","date_gmt":"2024-12-05T09:51:18","guid":{"rendered":"https:\/\/ardena.eu\/ablauf-eines-projektes\/"},"modified":"2025-10-02T13:48:02","modified_gmt":"2025-10-02T13:48:02","slug":"deroulement-du-projet","status":"publish","type":"page","link":"https:\/\/ardena.eu\/fr\/deroulement-du-projet\/","title":{"rendered":"D\u00e9roulement du projet"},"content":{"rendered":"","protected":false},"excerpt":{"rendered":"","protected":false},"author":2,"featured_media":0,"parent":0,"menu_order":0,"comment_status":"closed","ping_status":"closed","template":"","meta":{"_acf_changed":false,"footnotes":""},"class_list":["post-1095","page","type-page","status-publish","hentry"],"acf":[],"yoast_head":"<!-- This site is optimized with the Yoast SEO plugin v27.5 - https:\/\/yoast.com\/product\/yoast-seo-wordpress\/ -->\n<title>Votre projet avec Ardena | Voici comment \u00e7a marche<\/title>\n<meta name=\"description\" content=\"Votre chemin vers l\u2019espace de vos r\u00eaves : d\u00e9couvrez comment nous r\u00e9alisons vos souhaits d\u2019am\u00e9nagement. De la planification au montage.\" \/>\n<meta name=\"robots\" content=\"index, follow, max-snippet:-1, max-image-preview:large, max-video-preview:-1\" \/>\n<link rel=\"canonical\" href=\"https:\/\/ardena.eu\/fr\/deroulement-du-projet\/\" \/>\n<meta property=\"og:locale\" content=\"fr_FR\" \/>\n<meta property=\"og:type\" content=\"article\" \/>\n<meta property=\"og:title\" content=\"Votre projet avec Ardena | Voici comment \u00e7a marche\" \/>\n<meta property=\"og:description\" content=\"Votre chemin vers l\u2019espace de vos r\u00eaves : d\u00e9couvrez comment nous r\u00e9alisons vos souhaits d\u2019am\u00e9nagement. De la planification au montage.\" \/>\n<meta property=\"og:url\" content=\"https:\/\/ardena.eu\/fr\/deroulement-du-projet\/\" \/>\n<meta property=\"og:site_name\" content=\"Ardena\" \/>\n<meta property=\"article:modified_time\" content=\"2025-10-02T13:48:02+00:00\" \/>\n<meta name=\"twitter:card\" content=\"summary_large_image\" \/>\n<script type=\"application\/ld+json\" class=\"yoast-schema-graph\">{\"@context\":\"https:\\\/\\\/schema.org\",\"@graph\":[{\"@type\":\"WebPage\",\"@id\":\"https:\\\/\\\/ardena.eu\\\/fr\\\/deroulement-du-projet\\\/\",\"url\":\"https:\\\/\\\/ardena.eu\\\/fr\\\/deroulement-du-projet\\\/\",\"name\":\"Votre projet avec Ardena | Voici comment \u00e7a marche\",\"isPartOf\":{\"@id\":\"https:\\\/\\\/ardena.eu\\\/#website\"},\"datePublished\":\"2024-12-05T09:51:18+00:00\",\"dateModified\":\"2025-10-02T13:48:02+00:00\",\"description\":\"Votre chemin vers l\u2019espace de vos r\u00eaves : d\u00e9couvrez comment nous r\u00e9alisons vos souhaits d\u2019am\u00e9nagement. De la planification au montage.\",\"breadcrumb\":{\"@id\":\"https:\\\/\\\/ardena.eu\\\/fr\\\/deroulement-du-projet\\\/#breadcrumb\"},\"inLanguage\":\"fr-FR\",\"potentialAction\":[{\"@type\":\"ReadAction\",\"target\":[\"https:\\\/\\\/ardena.eu\\\/fr\\\/deroulement-du-projet\\\/\"]}]},{\"@type\":\"BreadcrumbList\",\"@id\":\"https:\\\/\\\/ardena.eu\\\/fr\\\/deroulement-du-projet\\\/#breadcrumb\",\"itemListElement\":[{\"@type\":\"ListItem\",\"position\":1,\"name\":\"Home\",\"item\":\"https:\\\/\\\/ardena.eu\\\/fr\\\/\"},{\"@type\":\"ListItem\",\"position\":2,\"name\":\"D\u00e9roulement du projet\"}]},{\"@type\":\"WebSite\",\"@id\":\"https:\\\/\\\/ardena.eu\\\/#website\",\"url\":\"https:\\\/\\\/ardena.eu\\\/\",\"name\":\"Ardena\",\"description\":\"Schreinerei Ardena\",\"potentialAction\":[{\"@type\":\"SearchAction\",\"target\":{\"@type\":\"EntryPoint\",\"urlTemplate\":\"https:\\\/\\\/ardena.eu\\\/?s={search_term_string}\"},\"query-input\":{\"@type\":\"PropertyValueSpecification\",\"valueRequired\":true,\"valueName\":\"search_term_string\"}}],\"inLanguage\":\"fr-FR\"}]}<\/script>\n<!-- \/ Yoast SEO plugin. -->","yoast_head_json":{"title":"Votre projet avec Ardena | Voici comment \u00e7a marche","description":"Votre chemin vers l\u2019espace de vos r\u00eaves : d\u00e9couvrez comment nous r\u00e9alisons vos souhaits d\u2019am\u00e9nagement. De la planification au montage.","robots":{"index":"index","follow":"follow","max-snippet":"max-snippet:-1","max-image-preview":"max-image-preview:large","max-video-preview":"max-video-preview:-1"},"canonical":"https:\/\/ardena.eu\/fr\/deroulement-du-projet\/","og_locale":"fr_FR","og_type":"article","og_title":"Votre projet avec Ardena | Voici comment \u00e7a marche","og_description":"Votre chemin vers l\u2019espace de vos r\u00eaves : d\u00e9couvrez comment nous r\u00e9alisons vos souhaits d\u2019am\u00e9nagement. De la planification au montage.","og_url":"https:\/\/ardena.eu\/fr\/deroulement-du-projet\/","og_site_name":"Ardena","article_modified_time":"2025-10-02T13:48:02+00:00","twitter_card":"summary_large_image","schema":{"@context":"https:\/\/schema.org","@graph":[{"@type":"WebPage","@id":"https:\/\/ardena.eu\/fr\/deroulement-du-projet\/","url":"https:\/\/ardena.eu\/fr\/deroulement-du-projet\/","name":"Votre projet avec Ardena | Voici comment \u00e7a marche","isPartOf":{"@id":"https:\/\/ardena.eu\/#website"},"datePublished":"2024-12-05T09:51:18+00:00","dateModified":"2025-10-02T13:48:02+00:00","description":"Votre chemin vers l\u2019espace de vos r\u00eaves : d\u00e9couvrez comment nous r\u00e9alisons vos souhaits d\u2019am\u00e9nagement. De la planification au montage.","breadcrumb":{"@id":"https:\/\/ardena.eu\/fr\/deroulement-du-projet\/#breadcrumb"},"inLanguage":"fr-FR","potentialAction":[{"@type":"ReadAction","target":["https:\/\/ardena.eu\/fr\/deroulement-du-projet\/"]}]},{"@type":"BreadcrumbList","@id":"https:\/\/ardena.eu\/fr\/deroulement-du-projet\/#breadcrumb","itemListElement":[{"@type":"ListItem","position":1,"name":"Home","item":"https:\/\/ardena.eu\/fr\/"},{"@type":"ListItem","position":2,"name":"D\u00e9roulement du projet"}]},{"@type":"WebSite","@id":"https:\/\/ardena.eu\/#website","url":"https:\/\/ardena.eu\/","name":"Ardena","description":"Schreinerei Ardena","potentialAction":[{"@type":"SearchAction","target":{"@type":"EntryPoint","urlTemplate":"https:\/\/ardena.eu\/?s={search_term_string}"},"query-input":{"@type":"PropertyValueSpecification","valueRequired":true,"valueName":"search_term_string"}}],"inLanguage":"fr-FR"}]}},"_links":{"self":[{"href":"https:\/\/ardena.eu\/fr\/wp-json\/wp\/v2\/pages\/1095","targetHints":{"allow":["GET"]}}],"collection":[{"href":"https:\/\/ardena.eu\/fr\/wp-json\/wp\/v2\/pages"}],"about":[{"href":"https:\/\/ardena.eu\/fr\/wp-json\/wp\/v2\/types\/page"}],"author":[{"embeddable":true,"href":"https:\/\/ardena.eu\/fr\/wp-json\/wp\/v2\/users\/2"}],"replies":[{"embeddable":true,"href":"https:\/\/ardena.eu\/fr\/wp-json\/wp\/v2\/comments?post=1095"}],"version-history":[{"count":7,"href":"https:\/\/ardena.eu\/fr\/wp-json\/wp\/v2\/pages\/1095\/revisions"}],"predecessor-version":[{"id":2591,"href":"https:\/\/ardena.eu\/fr\/wp-json\/wp\/v2\/pages\/1095\/revisions\/2591"}],"wp:attachment":[{"href":"https:\/\/ardena.eu\/fr\/wp-json\/wp\/v2\/media?parent=1095"}],"curies":[{"name":"wp","href":"https:\/\/api.w.org\/{rel}","templated":true}]}}