{"id":1100,"date":"2023-09-22T11:25:08","date_gmt":"2023-09-22T11:25:08","guid":{"rendered":"https:\/\/ardena.eu\/uber-uns\/"},"modified":"2025-09-25T13:30:17","modified_gmt":"2025-09-25T13:30:17","slug":"ardena","status":"publish","type":"page","link":"https:\/\/ardena.eu\/fr\/ardena\/","title":{"rendered":"\u00c0 propos"},"content":{"rendered":"","protected":false},"excerpt":{"rendered":"","protected":false},"author":2,"featured_media":0,"parent":0,"menu_order":0,"comment_status":"closed","ping_status":"closed","template":"","meta":{"_acf_changed":false,"footnotes":""},"class_list":["post-1100","page","type-page","status-publish","hentry"],"acf":[],"yoast_head":"<!-- This site is optimized with the Yoast SEO plugin v27.5 - https:\/\/yoast.com\/product\/yoast-seo-wordpress\/ -->\n<title>Ardena | Votre partenaire pour des travaux de menuiserie au Luxembourg<\/title>\n<meta name=\"description\" content=\"Faites notre connaissance ! Depuis plus de 20 ans, nous sommes votre partenaire de confiance pour des am\u00e9nagements int\u00e9rieurs de haute qualit\u00e9 en bois.\" \/>\n<meta name=\"robots\" content=\"index, follow, max-snippet:-1, max-image-preview:large, max-video-preview:-1\" \/>\n<link rel=\"canonical\" href=\"https:\/\/ardena.eu\/fr\/ardena\/\" \/>\n<meta property=\"og:locale\" content=\"fr_FR\" \/>\n<meta property=\"og:type\" content=\"article\" \/>\n<meta property=\"og:title\" content=\"Ardena | Votre partenaire pour des travaux de menuiserie au Luxembourg\" \/>\n<meta property=\"og:description\" content=\"Faites notre connaissance ! Depuis plus de 20 ans, nous sommes votre partenaire de confiance pour des am\u00e9nagements int\u00e9rieurs de haute qualit\u00e9 en bois.\" \/>\n<meta property=\"og:url\" content=\"https:\/\/ardena.eu\/fr\/ardena\/\" \/>\n<meta property=\"og:site_name\" content=\"Ardena\" \/>\n<meta property=\"article:modified_time\" content=\"2025-09-25T13:30:17+00:00\" \/>\n<meta name=\"twitter:card\" content=\"summary_large_image\" \/>\n<script type=\"application\/ld+json\" class=\"yoast-schema-graph\">{\"@context\":\"https:\\\/\\\/schema.org\",\"@graph\":[{\"@type\":\"WebPage\",\"@id\":\"https:\\\/\\\/ardena.eu\\\/fr\\\/ardena\\\/\",\"url\":\"https:\\\/\\\/ardena.eu\\\/fr\\\/ardena\\\/\",\"name\":\"Ardena | Votre partenaire pour des travaux de menuiserie au Luxembourg\",\"isPartOf\":{\"@id\":\"https:\\\/\\\/ardena.eu\\\/#website\"},\"datePublished\":\"2023-09-22T11:25:08+00:00\",\"dateModified\":\"2025-09-25T13:30:17+00:00\",\"description\":\"Faites notre connaissance ! Depuis plus de 20 ans, nous sommes votre partenaire de confiance pour des am\u00e9nagements int\u00e9rieurs de haute qualit\u00e9 en bois.\",\"breadcrumb\":{\"@id\":\"https:\\\/\\\/ardena.eu\\\/fr\\\/ardena\\\/#breadcrumb\"},\"inLanguage\":\"fr-FR\",\"potentialAction\":[{\"@type\":\"ReadAction\",\"target\":[\"https:\\\/\\\/ardena.eu\\\/fr\\\/ardena\\\/\"]}]},{\"@type\":\"BreadcrumbList\",\"@id\":\"https:\\\/\\\/ardena.eu\\\/fr\\\/ardena\\\/#breadcrumb\",\"itemListElement\":[{\"@type\":\"ListItem\",\"position\":1,\"name\":\"Home\",\"item\":\"https:\\\/\\\/ardena.eu\\\/fr\\\/\"},{\"@type\":\"ListItem\",\"position\":2,\"name\":\"\u00c0 propos\"}]},{\"@type\":\"WebSite\",\"@id\":\"https:\\\/\\\/ardena.eu\\\/#website\",\"url\":\"https:\\\/\\\/ardena.eu\\\/\",\"name\":\"Ardena\",\"description\":\"Schreinerei Ardena\",\"potentialAction\":[{\"@type\":\"SearchAction\",\"target\":{\"@type\":\"EntryPoint\",\"urlTemplate\":\"https:\\\/\\\/ardena.eu\\\/?s={search_term_string}\"},\"query-input\":{\"@type\":\"PropertyValueSpecification\",\"valueRequired\":true,\"valueName\":\"search_term_string\"}}],\"inLanguage\":\"fr-FR\"}]}<\/script>\n<!-- \/ Yoast SEO plugin. -->","yoast_head_json":{"title":"Ardena | Votre partenaire pour des travaux de menuiserie au Luxembourg","description":"Faites notre connaissance ! Depuis plus de 20 ans, nous sommes votre partenaire de confiance pour des am\u00e9nagements int\u00e9rieurs de haute qualit\u00e9 en bois.","robots":{"index":"index","follow":"follow","max-snippet":"max-snippet:-1","max-image-preview":"max-image-preview:large","max-video-preview":"max-video-preview:-1"},"canonical":"https:\/\/ardena.eu\/fr\/ardena\/","og_locale":"fr_FR","og_type":"article","og_title":"Ardena | Votre partenaire pour des travaux de menuiserie au Luxembourg","og_description":"Faites notre connaissance ! Depuis plus de 20 ans, nous sommes votre partenaire de confiance pour des am\u00e9nagements int\u00e9rieurs de haute qualit\u00e9 en bois.","og_url":"https:\/\/ardena.eu\/fr\/ardena\/","og_site_name":"Ardena","article_modified_time":"2025-09-25T13:30:17+00:00","twitter_card":"summary_large_image","schema":{"@context":"https:\/\/schema.org","@graph":[{"@type":"WebPage","@id":"https:\/\/ardena.eu\/fr\/ardena\/","url":"https:\/\/ardena.eu\/fr\/ardena\/","name":"Ardena | Votre partenaire pour des travaux de menuiserie au Luxembourg","isPartOf":{"@id":"https:\/\/ardena.eu\/#website"},"datePublished":"2023-09-22T11:25:08+00:00","dateModified":"2025-09-25T13:30:17+00:00","description":"Faites notre connaissance ! Depuis plus de 20 ans, nous sommes votre partenaire de confiance pour des am\u00e9nagements int\u00e9rieurs de haute qualit\u00e9 en bois.","breadcrumb":{"@id":"https:\/\/ardena.eu\/fr\/ardena\/#breadcrumb"},"inLanguage":"fr-FR","potentialAction":[{"@type":"ReadAction","target":["https:\/\/ardena.eu\/fr\/ardena\/"]}]},{"@type":"BreadcrumbList","@id":"https:\/\/ardena.eu\/fr\/ardena\/#breadcrumb","itemListElement":[{"@type":"ListItem","position":1,"name":"Home","item":"https:\/\/ardena.eu\/fr\/"},{"@type":"ListItem","position":2,"name":"\u00c0 propos"}]},{"@type":"WebSite","@id":"https:\/\/ardena.eu\/#website","url":"https:\/\/ardena.eu\/","name":"Ardena","description":"Schreinerei Ardena","potentialAction":[{"@type":"SearchAction","target":{"@type":"EntryPoint","urlTemplate":"https:\/\/ardena.eu\/?s={search_term_string}"},"query-input":{"@type":"PropertyValueSpecification","valueRequired":true,"valueName":"search_term_string"}}],"inLanguage":"fr-FR"}]}},"_links":{"self":[{"href":"https:\/\/ardena.eu\/fr\/wp-json\/wp\/v2\/pages\/1100","targetHints":{"allow":["GET"]}}],"collection":[{"href":"https:\/\/ardena.eu\/fr\/wp-json\/wp\/v2\/pages"}],"about":[{"href":"https:\/\/ardena.eu\/fr\/wp-json\/wp\/v2\/types\/page"}],"author":[{"embeddable":true,"href":"https:\/\/ardena.eu\/fr\/wp-json\/wp\/v2\/users\/2"}],"replies":[{"embeddable":true,"href":"https:\/\/ardena.eu\/fr\/wp-json\/wp\/v2\/comments?post=1100"}],"version-history":[{"count":34,"href":"https:\/\/ardena.eu\/fr\/wp-json\/wp\/v2\/pages\/1100\/revisions"}],"predecessor-version":[{"id":2525,"href":"https:\/\/ardena.eu\/fr\/wp-json\/wp\/v2\/pages\/1100\/revisions\/2525"}],"wp:attachment":[{"href":"https:\/\/ardena.eu\/fr\/wp-json\/wp\/v2\/media?parent=1100"}],"curies":[{"name":"wp","href":"https:\/\/api.w.org\/{rel}","templated":true}]}}